{"id":12,"date":"2019-12-20T23:14:07","date_gmt":"2019-12-20T22:14:07","guid":{"rendered":"http:\/\/suprart.fr\/?page_id=12"},"modified":"2025-01-28T07:19:41","modified_gmt":"2025-01-28T06:19:41","slug":"a-propos-de","status":"publish","type":"page","link":"https:\/\/suprart.fr\/?page_id=12","title":{"rendered":"\u00c0 propos de"},"content":{"rendered":"<p class=\"p1\">Je m\u2019appelle Rudy Cochet et je suis photographe passionn\u00e9. \u00c0 travers mon objectif, je cherche \u00e0 capturer des instants authentiques et des \u00e9motions sinc\u00e8res, qu\u2019il s\u2019agisse de portraits, de paysages ou d\u2019\u00e9v\u00e9nements marquants. Chaque photo que je r\u00e9alise est le fruit d\u2019une recherche minutieuse de la lumi\u00e8re parfaite et d\u2019une composition soign\u00e9e, car pour moi, chaque d\u00e9tail compte pour raconter une histoire unique.<\/p>\n<p class=\"p1\">Mon approche allie cr\u00e9ativit\u00e9 et pr\u00e9cision technique, avec pour objectif de sublimer les moments que je photographie. Que ce soit pour des projets personnels ou professionnels, je m\u2019efforce toujours de transformer de simples instants en souvenirs intemporels.<\/p>\n","protected":false},"excerpt":{"rendered":"<p>Je m\u2019appelle Rudy Cochet et je suis photographe passionn\u00e9. \u00c0 travers mon objectif, je cherche \u00e0 capturer des instants authentiques et des \u00e9motions sinc\u00e8res, qu\u2019il s\u2019agisse de portraits, de paysages ou d\u2019\u00e9v\u00e9nements marquants. Chaque photo que je r\u00e9alise est le fruit d\u2019une recherche minutieuse de la lumi\u00e8re parfaite et d\u2019une composition soign\u00e9e, car pour moi, [&hellip;]<\/p>\n","protected":false},"author":1,"featured_media":220,"parent":0,"menu_order":0,"comment_status":"closed","ping_status":"closed","template":"","meta":{"footnotes":""},"class_list":["post-12","page","type-page","status-publish","has-post-thumbnail","hentry"],"_links":{"self":[{"href":"https:\/\/suprart.fr\/index.php?rest_route=\/wp\/v2\/pages\/12","targetHints":{"allow":["GET"]}}],"collection":[{"href":"https:\/\/suprart.fr\/index.php?rest_route=\/wp\/v2\/pages"}],"about":[{"href":"https:\/\/suprart.fr\/index.php?rest_route=\/wp\/v2\/types\/page"}],"author":[{"embeddable":true,"href":"https:\/\/suprart.fr\/index.php?rest_route=\/wp\/v2\/users\/1"}],"replies":[{"embeddable":true,"href":"https:\/\/suprart.fr\/index.php?rest_route=%2Fwp%2Fv2%2Fcomments&post=12"}],"version-history":[{"count":2,"href":"https:\/\/suprart.fr\/index.php?rest_route=\/wp\/v2\/pages\/12\/revisions"}],"predecessor-version":[{"id":158,"href":"https:\/\/suprart.fr\/index.php?rest_route=\/wp\/v2\/pages\/12\/revisions\/158"}],"wp:featuredmedia":[{"embeddable":true,"href":"https:\/\/suprart.fr\/index.php?rest_route=\/wp\/v2\/media\/220"}],"wp:attachment":[{"href":"https:\/\/suprart.fr\/index.php?rest_route=%2Fwp%2Fv2%2Fmedia&parent=12"}],"curies":[{"name":"wp","href":"https:\/\/api.w.org\/{rel}","templated":true}]}}